{"id":533,"date":"2019-04-12T15:59:53","date_gmt":"2019-04-12T15:59:53","guid":{"rendered":"https:\/\/www.puntocero.com.ar\/plat2\/?page_id=533"},"modified":"2024-12-28T22:37:04","modified_gmt":"2024-12-28T22:37:04","slug":"social-media-2","status":"publish","type":"page","link":"https:\/\/www.puntocero.com.ar\/plat2\/social-media-2\/","title":{"rendered":"Social media #Transmedia"},"content":{"rendered":"<p><strong><a href=\"https:\/\/www.puntocero.com.ar\/plat2\/wp-content\/uploads\/2020\/02\/transmedia-3.png\"><img loading=\"lazy\" decoding=\"async\" class=\"alignleft wp-image-765\" src=\"https:\/\/www.puntocero.com.ar\/plat2\/wp-content\/uploads\/2020\/02\/transmedia-3-150x150.png\" alt=\"\" width=\"218\" height=\"218\" srcset=\"https:\/\/www.puntocero.com.ar\/plat2\/wp-content\/uploads\/2020\/02\/transmedia-3-150x150.png 150w, https:\/\/www.puntocero.com.ar\/plat2\/wp-content\/uploads\/2020\/02\/transmedia-3-300x300.png 300w, https:\/\/www.puntocero.com.ar\/plat2\/wp-content\/uploads\/2020\/02\/transmedia-3-768x768.png 768w, https:\/\/www.puntocero.com.ar\/plat2\/wp-content\/uploads\/2020\/02\/transmedia-3-230x230.png 230w, https:\/\/www.puntocero.com.ar\/plat2\/wp-content\/uploads\/2020\/02\/transmedia-3-330x330.png 330w, https:\/\/www.puntocero.com.ar\/plat2\/wp-content\/uploads\/2020\/02\/transmedia-3.png 800w\" sizes=\"auto, (max-width: 218px) 100vw, 218px\" \/><\/a><\/strong><strong>Entender que una buena comunicaci\u00f3n es el principio de un buen acuerdo y llegar al <\/strong><strong>p\u00fablico que se desea, es nuestro objetivo.<\/strong><\/p>\n<p>Facebook, Twitter, YouTube, Instagram, entre otras redes, son parte de la actual comunicaci\u00f3n, donde gran parte de nuestro p\u00fablico interact\u00faa.<\/p>\n<p style=\"text-align: left;\">Es una inversi\u00f3n a mediano y largo plazo, instalar en las redes sociales un tema, un producto, no es cosa de un solo d\u00eda, lleva tiempo hacer que la gente nos acepte, nos conozca y reconozca. Por eso a la hora de invertir en el manejo de redes tenga en cuenta:<\/p>\n<p style=\"text-align: center;\"><strong>\u00bfQu\u00e9 se quiere comunicar, a qui\u00e9n, d\u00f3nde y c\u00f3mo?<\/strong><\/p>\n<p>Hoy el mercado busca creadores de<b> Storytelling, <\/b>que es tan simple como contar historias originales. Las instituciones p\u00fablicas como privadas, tienen una historia para contar, aunque no siempre es visible, aunque se busque una conexi\u00f3n con el p\u00fablico.<\/p>\n<p>La idea principal es generar confianza, empat\u00eda con el p\u00fablico, que luego sean f\u00e1ciles de recordar y contar. Apelar a los sentimientos y realidad es una de las mejores maneras de que el p\u00fablico se sienta identificado, por eso en PuntoCero creemos y creamos historias reales para gente real.<\/p>\n<p>Estamos convencidos que ya no todo se puede contar en un mismo lugar, por eso nuestro trabajo <strong>transmedia<\/strong>, es pensar c\u00f3mo pasar de una plataforma a otra y siempre estar conectados, ya no solo con el cliente que deja de serlo para pasar a ser un <strong>prosumidor,<\/strong> es decir un productor y consumidor a la vez, la gente ya se siente parte y eso lo habilita a comentar, compartir, opinar y quieran o no mejorar nuestros productos.<\/p>\n<p>Estamos para acompa\u00f1arte en todo el proceso, nuestras experiencias nos demuestran que cada desaf\u00edo es \u00fanico e irrepetible, lo que hace que nos mantengamos mejor informados y creativos a la hora de realizar un proyecto.<\/p>\n<p>&nbsp;<\/p>\n<p>&nbsp;<\/p>\n","protected":false},"excerpt":{"rendered":"<p>Entender que una buena comunicaci\u00f3n es el principio de un buen acuerdo y llegar al p\u00fablico que se desea, es nuestro objetivo. Facebook, Twitter, YouTube, Instagram, entre otras redes, son parte de la actual comunicaci\u00f3n, donde gran parte de nuestro<\/p>\n","protected":false},"author":2,"featured_media":0,"parent":0,"menu_order":0,"comment_status":"closed","ping_status":"closed","template":"","meta":{"_joinchat":[],"footnotes":""},"class_list":["post-533","page","type-page","status-publish","hentry"],"_links":{"self":[{"href":"https:\/\/www.puntocero.com.ar\/plat2\/wp-json\/wp\/v2\/pages\/533","targetHints":{"allow":["GET"]}}],"collection":[{"href":"https:\/\/www.puntocero.com.ar\/plat2\/wp-json\/wp\/v2\/pages"}],"about":[{"href":"https:\/\/www.puntocero.com.ar\/plat2\/wp-json\/wp\/v2\/types\/page"}],"author":[{"embeddable":true,"href":"https:\/\/www.puntocero.com.ar\/plat2\/wp-json\/wp\/v2\/users\/2"}],"replies":[{"embeddable":true,"href":"https:\/\/www.puntocero.com.ar\/plat2\/wp-json\/wp\/v2\/comments?post=533"}],"version-history":[{"count":23,"href":"https:\/\/www.puntocero.com.ar\/plat2\/wp-json\/wp\/v2\/pages\/533\/revisions"}],"predecessor-version":[{"id":1105,"href":"https:\/\/www.puntocero.com.ar\/plat2\/wp-json\/wp\/v2\/pages\/533\/revisions\/1105"}],"wp:attachment":[{"href":"https:\/\/www.puntocero.com.ar\/plat2\/wp-json\/wp\/v2\/media?parent=533"}],"curies":[{"name":"wp","href":"https:\/\/api.w.org\/{rel}","templated":true}]}}