{"id":522,"date":"2019-04-12T15:52:56","date_gmt":"2019-04-12T15:52:56","guid":{"rendered":"https:\/\/www.puntocero.com.ar\/plat2\/?page_id=522"},"modified":"2024-12-30T00:40:27","modified_gmt":"2024-12-30T00:40:27","slug":"audiovisuales","status":"publish","type":"page","link":"https:\/\/www.puntocero.com.ar\/plat2\/audiovisuales\/","title":{"rendered":"Audiovisuales"},"content":{"rendered":"<p><strong><a href=\"https:\/\/www.puntocero.com.ar\/plat2\/wp-content\/uploads\/2019\/04\/IMG_6728-620x413.jpg\"><img loading=\"lazy\" decoding=\"async\" class=\"alignleft size-medium wp-image-680\" src=\"https:\/\/www.puntocero.com.ar\/plat2\/wp-content\/uploads\/2019\/04\/IMG_6728-620x413-300x200.jpg\" alt=\"\" width=\"300\" height=\"200\" srcset=\"https:\/\/www.puntocero.com.ar\/plat2\/wp-content\/uploads\/2019\/04\/IMG_6728-620x413-300x200.jpg 300w, https:\/\/www.puntocero.com.ar\/plat2\/wp-content\/uploads\/2019\/04\/IMG_6728-620x413.jpg 620w\" sizes=\"auto, (max-width: 300px) 100vw, 300px\" \/><\/a>Video Institucional:<br \/>\n<\/strong>En PuntoCero, el video institucional es mucho m\u00e1s que la informaci\u00f3n sobre su empresa. Es la carta visual de presentaci\u00f3n.<br \/>\nNuestra propuesta es clara y simple: los mejores costos del mercado, y profesionales probados en diferentes medios audiovisuales de aceptaci\u00f3n masiva.<br \/>\nNo hay que olvidar que lo que se hace debe ser entretenido, informativo y que lleve a que la elecci\u00f3n del espectador nos reconozca como su marca amiga.<\/p>\n<p>&nbsp;<\/p>\n<hr \/>\n<p><strong><a href=\"https:\/\/www.puntocero.com.ar\/plat2\/wp-content\/uploads\/2016\/04\/12672019_1211222525573428_1119428968612343286_o.jpg\"><img loading=\"lazy\" decoding=\"async\" class=\"alignleft wp-image-358 size-medium\" src=\"https:\/\/www.puntocero.com.ar\/plat2\/wp-content\/uploads\/2016\/04\/12672019_1211222525573428_1119428968612343286_o-300x169.jpg\" alt=\"\" width=\"300\" height=\"169\" srcset=\"https:\/\/www.puntocero.com.ar\/plat2\/wp-content\/uploads\/2016\/04\/12672019_1211222525573428_1119428968612343286_o-300x169.jpg 300w, https:\/\/www.puntocero.com.ar\/plat2\/wp-content\/uploads\/2016\/04\/12672019_1211222525573428_1119428968612343286_o-768x432.jpg 768w, https:\/\/www.puntocero.com.ar\/plat2\/wp-content\/uploads\/2016\/04\/12672019_1211222525573428_1119428968612343286_o-1024x576.jpg 1024w, https:\/\/www.puntocero.com.ar\/plat2\/wp-content\/uploads\/2016\/04\/12672019_1211222525573428_1119428968612343286_o-150x84.jpg 150w, https:\/\/www.puntocero.com.ar\/plat2\/wp-content\/uploads\/2016\/04\/12672019_1211222525573428_1119428968612343286_o.jpg 1224w\" sizes=\"auto, (max-width: 300px) 100vw, 300px\" \/><\/a>Cine Documental:<\/strong><br \/>\nComo realizadores de Cine Documental, buscamos visibilizar lo que muchos no ven, no conocen, o que conviene no hablar. La investigaci\u00f3n y el trabajo que realizamos son para que nos lleve a la reflexi\u00f3n para un cambio.<\/p>\n<p>Muchas de nuestras producciones son independientes, por eso queremos contar con tu apoyo y que nos invites un cafecito.<\/p>\n<p><a href=\"https:\/\/cafecito.app\/dsethson72\" target=\"_blank\" rel=\"noopener\">Inv\u00edtanos un cafecito y se parte de nuestros proyectos<\/a><\/p>\n<hr \/>\n<p><strong><a href=\"https:\/\/www.puntocero.com.ar\/plat2\/wp-content\/uploads\/2019\/04\/IMG-20180415-WA0041.jpg\"><img loading=\"lazy\" decoding=\"async\" class=\"alignleft size-medium wp-image-683\" src=\"https:\/\/www.puntocero.com.ar\/plat2\/wp-content\/uploads\/2019\/04\/IMG-20180415-WA0041-300x225.jpg\" alt=\"\" width=\"300\" height=\"225\" srcset=\"https:\/\/www.puntocero.com.ar\/plat2\/wp-content\/uploads\/2019\/04\/IMG-20180415-WA0041-300x225.jpg 300w, https:\/\/www.puntocero.com.ar\/plat2\/wp-content\/uploads\/2019\/04\/IMG-20180415-WA0041-768x576.jpg 768w, https:\/\/www.puntocero.com.ar\/plat2\/wp-content\/uploads\/2019\/04\/IMG-20180415-WA0041-1024x768.jpg 1024w, https:\/\/www.puntocero.com.ar\/plat2\/wp-content\/uploads\/2019\/04\/IMG-20180415-WA0041.jpg 1280w\" sizes=\"auto, (max-width: 300px) 100vw, 300px\" \/><\/a>TV:<\/strong><br \/>\nHoy la televisi\u00f3n va cambiando d\u00eda a d\u00eda, de las grandes producciones a las que podemos decir \u201ccaseras\u201d, ya que todos con un celular podemos ser noteros por un d\u00eda o hasta participar de distintos eventos que est\u00e1n pensados para estas plataformas.<br \/>\nYa la imagen no es lo que era antes, hoy la tecnolog\u00eda nos brinda la posibilidad de ser m\u00e1s creativos a un bajo costo, implementar las distintas herramientas es algo que parece sencillo, pero la verdad es que tener el conocimiento de estas, hace que un producto sea visible y aceptado por el p\u00fablico.<\/p>\n<p>&nbsp;<\/p>\n<p>&nbsp;<\/p>\n<hr \/>\n<p><strong><a href=\"https:\/\/www.puntocero.com.ar\/plat2\/wp-content\/uploads\/2019\/04\/Picture1.jpg\"><img loading=\"lazy\" decoding=\"async\" class=\"alignleft size-medium wp-image-685\" src=\"https:\/\/www.puntocero.com.ar\/plat2\/wp-content\/uploads\/2019\/04\/Picture1-300x200.jpg\" alt=\"\" width=\"300\" height=\"200\" srcset=\"https:\/\/www.puntocero.com.ar\/plat2\/wp-content\/uploads\/2019\/04\/Picture1-300x200.jpg 300w, https:\/\/www.puntocero.com.ar\/plat2\/wp-content\/uploads\/2019\/04\/Picture1-768x512.jpg 768w, https:\/\/www.puntocero.com.ar\/plat2\/wp-content\/uploads\/2019\/04\/Picture1.jpg 875w\" sizes=\"auto, (max-width: 300px) 100vw, 300px\" \/><\/a>Trabajo con Artistas:<\/strong><br \/>\nAgradecidos de haber trabajado con: Gerardo Hochman, Mar\u00eda Fux, Oscar Ar\u00e1iz, Viviana Romay, Valeria Budasoff, Myriam Jawerbaum en otros fabulosos artistas, nuestro compromiso con el arte y la cultura nos lleva a aceptar estos desaf\u00edos de los cuales siempre nos sentimos parte.<\/p>\n<p>&nbsp;<\/p>\n<p>&nbsp;<\/p>\n<p>&nbsp;<\/p>\n<hr \/>\n<p><strong><a href=\"https:\/\/www.puntocero.com.ar\/plat2\/wp-content\/uploads\/2019\/04\/blur-bokeh-boy-821948.jpg\"><img loading=\"lazy\" decoding=\"async\" class=\"alignleft size-medium wp-image-689\" src=\"https:\/\/www.puntocero.com.ar\/plat2\/wp-content\/uploads\/2019\/04\/blur-bokeh-boy-821948-300x200.jpg\" alt=\"\" width=\"300\" height=\"200\" srcset=\"https:\/\/www.puntocero.com.ar\/plat2\/wp-content\/uploads\/2019\/04\/blur-bokeh-boy-821948-300x200.jpg 300w, https:\/\/www.puntocero.com.ar\/plat2\/wp-content\/uploads\/2019\/04\/blur-bokeh-boy-821948-768x512.jpg 768w, https:\/\/www.puntocero.com.ar\/plat2\/wp-content\/uploads\/2019\/04\/blur-bokeh-boy-821948-1024x683.jpg 1024w, https:\/\/www.puntocero.com.ar\/plat2\/wp-content\/uploads\/2019\/04\/blur-bokeh-boy-821948.jpg 2048w\" sizes=\"auto, (max-width: 300px) 100vw, 300px\" \/><\/a>Videos tutoriales:<\/strong><br \/>\nMuchos productos vienen con sus instructivos, los cuales a veces no son muy claros o did\u00e1cticos, por eso la mayor\u00eda de la gente cuando quiere saber c\u00f3mo se hace, como funciona recurre a YouTube en videos tutoriales.<br \/>\nEntendemos y conocemos la herramienta de grabar, editar y contar lo que el producto requiere ser mostrado, que el cliente sepa lo f\u00e1cil que es y que adem\u00e1s de haber elegido un producto por su marca, tiene el respaldo de una gu\u00eda audiovisual.<\/p>\n<p>&nbsp;<\/p>\n<hr \/>\n<p><a href=\"https:\/\/www.puntocero.com.ar\/plat2\/wp-content\/uploads\/2019\/04\/IMG_20181027_151708.jpg\"><img loading=\"lazy\" decoding=\"async\" class=\"alignleft wp-image-686 size-medium\" src=\"https:\/\/www.puntocero.com.ar\/plat2\/wp-content\/uploads\/2019\/04\/IMG_20181027_151708-300x225.jpg\" alt=\"\" width=\"300\" height=\"225\" srcset=\"https:\/\/www.puntocero.com.ar\/plat2\/wp-content\/uploads\/2019\/04\/IMG_20181027_151708-300x225.jpg 300w, https:\/\/www.puntocero.com.ar\/plat2\/wp-content\/uploads\/2019\/04\/IMG_20181027_151708-768x576.jpg 768w, https:\/\/www.puntocero.com.ar\/plat2\/wp-content\/uploads\/2019\/04\/IMG_20181027_151708-1024x768.jpg 1024w, https:\/\/www.puntocero.com.ar\/plat2\/wp-content\/uploads\/2019\/04\/IMG_20181027_151708.jpg 2048w\" sizes=\"auto, (max-width: 300px) 100vw, 300px\" \/><\/a><\/p>\n<p><strong>Trabajo con Universidades \/ Estudiantes:<\/strong><br \/>\nRealizamos trabajos con Universidades y estudiantes que buscan mostrar sus habilidades en un video que presentan para aplicar y obtener becas, pasant\u00edas, un lugar en donde uno pone sus sue\u00f1os para lograrlo. Nuestro compromiso es m\u00e1s all\u00e1 del video, conocemos a la persona y realizamos un plan de trabajo y rodaje en conjunto, de esta manera logramos interpretar y desarrollar lo que se necesita mostrar y contar.<\/p>\n<p>&nbsp;<\/p>\n<p>&nbsp;<\/p>\n<p>&nbsp;<\/p>\n<hr \/>\n<p><strong><a href=\"https:\/\/www.puntocero.com.ar\/plat2\/wp-content\/uploads\/2019\/04\/electronics-laptop-macro-755416.jpg\"><img loading=\"lazy\" decoding=\"async\" class=\"alignleft size-medium wp-image-690\" src=\"https:\/\/www.puntocero.com.ar\/plat2\/wp-content\/uploads\/2019\/04\/electronics-laptop-macro-755416-300x200.jpg\" alt=\"\" width=\"300\" height=\"200\" srcset=\"https:\/\/www.puntocero.com.ar\/plat2\/wp-content\/uploads\/2019\/04\/electronics-laptop-macro-755416-300x200.jpg 300w, https:\/\/www.puntocero.com.ar\/plat2\/wp-content\/uploads\/2019\/04\/electronics-laptop-macro-755416-768x512.jpg 768w, https:\/\/www.puntocero.com.ar\/plat2\/wp-content\/uploads\/2019\/04\/electronics-laptop-macro-755416-1024x683.jpg 1024w, https:\/\/www.puntocero.com.ar\/plat2\/wp-content\/uploads\/2019\/04\/electronics-laptop-macro-755416.jpg 2048w\" sizes=\"auto, (max-width: 300px) 100vw, 300px\" \/><\/a>Locuci\u00f3n:<\/strong><br \/>\nMuchas empresas necesitan tener un mensaje de bienvenida en su central telef\u00f3nica, en sus videos Institucionales y hasta en los momentos festivos, por eso en PuntoCero les ofrecemos voces diferentes, donde la calidad auditiva es simp\u00e1tica, cordial y satisfactoria para el que lo escucha.<br \/>\nEventos \/ Galas \/Conducci\u00f3n<\/p>\n<p>&nbsp;<\/p>\n<p>&nbsp;<\/p>\n<hr \/>\n<p><a href=\"https:\/\/www.puntocero.com.ar\/plat2\/wp-content\/uploads\/2024\/12\/mixer-4197733_1280.jpg\"><img loading=\"lazy\" decoding=\"async\" class=\"wp-image-1108 alignleft\" src=\"https:\/\/www.puntocero.com.ar\/plat2\/wp-content\/uploads\/2024\/12\/mixer-4197733_1280.jpg\" alt=\"\" width=\"304\" height=\"202\" srcset=\"https:\/\/www.puntocero.com.ar\/plat2\/wp-content\/uploads\/2024\/12\/mixer-4197733_1280.jpg 1280w, https:\/\/www.puntocero.com.ar\/plat2\/wp-content\/uploads\/2024\/12\/mixer-4197733_1280-300x200.jpg 300w, https:\/\/www.puntocero.com.ar\/plat2\/wp-content\/uploads\/2024\/12\/mixer-4197733_1280-1024x682.jpg 1024w, https:\/\/www.puntocero.com.ar\/plat2\/wp-content\/uploads\/2024\/12\/mixer-4197733_1280-768x512.jpg 768w\" sizes=\"auto, (max-width: 304px) 100vw, 304px\" \/><\/a> <strong>Sonido:<\/strong><br \/>\nUn sonido de calidad refleja un enfoque profesional y cuidadoso en la organizaci\u00f3n del evento. Esto puede influir en la percepci\u00f3n del p\u00fablico sobre la calidad del evento y de la organizaci\u00f3n.<\/p>\n<p>Un buen sonido permite una mejor interacci\u00f3n entre los presentadores y los asistentes, fomentando una participaci\u00f3n m\u00e1s activa y comprometida en el evento.<\/p>\n<p>&nbsp;<\/p>\n<p>&nbsp;<\/p>\n<hr \/>\n<p style=\"text-align: center;\"><a href=\"https:\/\/www.puntocero.com.ar\/plat2\/wp-content\/uploads\/2024\/12\/SERVICIOS-2025-OK.pdf\" target=\"_blank\" rel=\"noopener\">Descargar<\/a> PDF con todos los servicios<\/p>\n","protected":false},"excerpt":{"rendered":"<p>Video Institucional: En PuntoCero, el video institucional es mucho m\u00e1s que la informaci\u00f3n sobre su empresa. Es la carta visual de presentaci\u00f3n. Nuestra propuesta es clara y simple: los mejores costos del mercado, y profesionales probados en diferentes medios audiovisuales<\/p>\n","protected":false},"author":2,"featured_media":0,"parent":0,"menu_order":0,"comment_status":"closed","ping_status":"closed","template":"","meta":{"_joinchat":[],"footnotes":""},"class_list":["post-522","page","type-page","status-publish","hentry"],"_links":{"self":[{"href":"https:\/\/www.puntocero.com.ar\/plat2\/wp-json\/wp\/v2\/pages\/522","targetHints":{"allow":["GET"]}}],"collection":[{"href":"https:\/\/www.puntocero.com.ar\/plat2\/wp-json\/wp\/v2\/pages"}],"about":[{"href":"https:\/\/www.puntocero.com.ar\/plat2\/wp-json\/wp\/v2\/types\/page"}],"author":[{"embeddable":true,"href":"https:\/\/www.puntocero.com.ar\/plat2\/wp-json\/wp\/v2\/users\/2"}],"replies":[{"embeddable":true,"href":"https:\/\/www.puntocero.com.ar\/plat2\/wp-json\/wp\/v2\/comments?post=522"}],"version-history":[{"count":26,"href":"https:\/\/www.puntocero.com.ar\/plat2\/wp-json\/wp\/v2\/pages\/522\/revisions"}],"predecessor-version":[{"id":1132,"href":"https:\/\/www.puntocero.com.ar\/plat2\/wp-json\/wp\/v2\/pages\/522\/revisions\/1132"}],"wp:attachment":[{"href":"https:\/\/www.puntocero.com.ar\/plat2\/wp-json\/wp\/v2\/media?parent=522"}],"curies":[{"name":"wp","href":"https:\/\/api.w.org\/{rel}","templated":true}]}}